{"id":92,"date":"2020-08-06T18:51:37","date_gmt":"2020-08-06T18:51:37","guid":{"rendered":"https:\/\/vsoedt.at\/?page_id=92"},"modified":"2022-07-06T14:28:20","modified_gmt":"2022-07-06T14:28:20","slug":"hausordnung","status":"publish","type":"page","link":"https:\/\/vsoedt.at\/?page_id=92","title":{"rendered":"Hausordnung"},"content":{"rendered":"\n<h2><strong>Hausordnung<\/strong><\/h2>\n\n\n\n<ol><li>Wir&nbsp;gehen respektvoll, tolerant, h\u00f6flich miteinander um und helfen einander.&nbsp;&nbsp;<\/li><\/ol>\n\n\n\n<ol start=\"2\"><li>Die Sch\u00fcler*innen haben sich rechtzeitig vor Unterrichtsbeginn in der Schule einzufinden, um sich auf den Unterricht vorzubereiten! (Unterrichtsbeginn: 8 Uhr)&nbsp;<\/li><\/ol>\n\n\n\n<ol start=\"3\"><li>Im gesamten Schulgeb\u00e4ude ist die Ben\u00fctzung von Rollerskates, Scootern oder \u00c4hnlichem untersagt!&nbsp;<\/li><\/ol>\n\n\n\n<ol start=\"4\"><li>Das Verabschieden und Abholen der Sch\u00fcler*innen&nbsp;erfolgt&nbsp;ausschlie\u00dflich vor dem Schulgeb\u00e4ude.&nbsp;&nbsp;<\/li><\/ol>\n\n\n\n<p>Ausnahme:&nbsp;&nbsp;<\/p>\n\n\n\n<p>Sch\u00fcler*innen der 1. Klassen d\u00fcrfen bei Bedarf in der 1. Schulwoche bis in die Klasse&nbsp;begleitet werden.&nbsp;&nbsp;<\/p>\n\n\n\n<p>In der 2. Schulwoche bis zur Garderobe.&nbsp;&nbsp;<\/p>\n\n\n\n<ol start=\"5\"><li>Handys bzw. Smartwatches sind w\u00e4hrend der gesamten Unterrichtszeit inklusive Pausen ausgeschaltet in der Schultasche zu verwahren!&nbsp;&nbsp;<\/li><\/ol>\n\n\n\n<p>Beim 1. Versto\u00df erfolgt eine Verwarnung inklusive Mitteilung an die Erziehungsberechtigten. Bei weiteren Verst\u00f6\u00dfen erfolgt eine Abnahme des Ger\u00e4tes, welches im Anschluss in der Direktion von den Eltern abzuholen ist!&nbsp;<\/p>\n\n\n\n<ol start=\"6\"><li>Das Fernbleiben vom Unterricht ist vor Unterrichtsbeginn der Schulleitung mitzuteilen!&nbsp;&nbsp;<\/li><\/ol>\n\n\n\n<div class=\"wp-block-image\"><figure class=\"aligncenter size-large\"><img loading=\"lazy\" width=\"198\" height=\"217\" src=\"https:\/\/vsoedt.at\/wp-content\/uploads\/2020\/11\/image.jpeg\" alt=\"\" class=\"wp-image-190\"\/><\/figure><\/div>\n","protected":false},"excerpt":{"rendered":"<p>Hausordnung Wir&nbsp;gehen respektvoll, tolerant, h\u00f6flich miteinander um und helfen einander.&nbsp;&nbsp; Die Sch\u00fcler*innen haben sich rechtzeitig vor Unterrichtsbeginn in der Schule einzufinden, um sich auf den Unterricht vorzubereiten! (Unterrichtsbeginn: 8 Uhr)&nbsp; Im gesamten Schulgeb\u00e4ude ist die Ben\u00fctzung von Rollerskates, Scootern oder \u00c4hnlichem untersagt!&nbsp; Das Verabschieden und Abholen der Sch\u00fcler*innen&nbsp;erfolgt&nbsp;ausschlie\u00dflich vor dem Schulgeb\u00e4ude.&nbsp;&nbsp; Ausnahme:&nbsp;&nbsp; Sch\u00fcler*innen der 1. Klassen d\u00fcrfen bei Bedarf in<\/p>\n<p><a class=\"more-link\" href=\"https:\/\/vsoedt.at\/?page_id=92\">Weiterlesen<\/a><\/p>\n","protected":false},"author":1,"featured_media":0,"parent":0,"menu_order":0,"comment_status":"closed","ping_status":"closed","template":"","meta":[],"_links":{"self":[{"href":"https:\/\/vsoedt.at\/index.php?rest_route=\/wp\/v2\/pages\/92"}],"collection":[{"href":"https:\/\/vsoedt.at\/index.php?rest_route=\/wp\/v2\/pages"}],"about":[{"href":"https:\/\/vsoedt.at\/index.php?rest_route=\/wp\/v2\/types\/page"}],"author":[{"embeddable":true,"href":"https:\/\/vsoedt.at\/index.php?rest_route=\/wp\/v2\/users\/1"}],"replies":[{"embeddable":true,"href":"https:\/\/vsoedt.at\/index.php?rest_route=%2Fwp%2Fv2%2Fcomments&post=92"}],"version-history":[{"count":7,"href":"https:\/\/vsoedt.at\/index.php?rest_route=\/wp\/v2\/pages\/92\/revisions"}],"predecessor-version":[{"id":557,"href":"https:\/\/vsoedt.at\/index.php?rest_route=\/wp\/v2\/pages\/92\/revisions\/557"}],"wp:attachment":[{"href":"https:\/\/vsoedt.at\/index.php?rest_route=%2Fwp%2Fv2%2Fmedia&parent=92"}],"curies":[{"name":"wp","href":"https:\/\/api.w.org\/{rel}","templated":true}]}}